{"id":2,"date":"2025-11-10T07:53:31","date_gmt":"2025-11-10T07:53:31","guid":{"rendered":"https:\/\/www.creativabytea.si\/?page_id=2"},"modified":"2026-05-06T15:37:16","modified_gmt":"2026-05-06T15:37:16","slug":"domov","status":"publish","type":"page","link":"https:\/\/www.creativabytea.si\/","title":{"rendered":"Domov"},"content":{"rendered":"\t\t<div data-elementor-type=\"wp-page\" data-elementor-id=\"2\" class=\"elementor elementor-2\">\n\t\t\t\t<div class=\"elementor-element elementor-element-fece31a e-flex e-con-boxed e-con e-parent\" data-id=\"fece31a\" data-element_type=\"container\">\n\t\t\t\t\t<div class=\"e-con-inner\">\n\t\t\t\t<div class=\"elementor-element elementor-element-4504f5c elementor-widget elementor-widget-heading\" data-id=\"4504f5c\" data-element_type=\"widget\" data-widget_type=\"heading.default\">\n\t\t\t\t\t<h3 class=\"elementor-heading-title elementor-size-default\">''Podjetjem pomagam ustvariti profesionalen in prepoznaven nastop \u2013 od prve ideje, do aktivne spletne prisotnosti.''<\/h3>\t\t\t\t<\/div>\n\t\t\t\t\t<\/div>\n\t\t\t\t<\/div>\n\t\t<div class=\"elementor-element elementor-element-40c5762 e-flex e-con-boxed e-con e-parent\" data-id=\"40c5762\" data-element_type=\"container\">\n\t\t\t\t\t<div class=\"e-con-inner\">\n\t\t\t\t<div class=\"elementor-element elementor-element-aa3808a elementor-align-center elementor-widget elementor-widget-button\" data-id=\"aa3808a\" data-element_type=\"widget\" data-widget_type=\"button.default\">\n\t\t\t\t\t\t\t\t\t\t<a class=\"elementor-button elementor-button-link elementor-size-sm\" href=\"#\">\n\t\t\t\t\t\t<span class=\"elementor-button-content-wrapper\">\n\t\t\t\t\t\t\t\t\t<span class=\"elementor-button-text\">Pridobi ponudbo<\/span>\n\t\t\t\t\t<\/span>\n\t\t\t\t\t<\/a>\n\t\t\t\t\t\t\t\t<\/div>\n\t\t\t\t\t<\/div>\n\t\t\t\t<\/div>\n\t\t<div class=\"elementor-element elementor-element-fc69c7b e-flex e-con-boxed e-con e-parent\" data-id=\"fc69c7b\" data-element_type=\"container\">\n\t\t\t\t\t<div class=\"e-con-inner\">\n\t\t\t\t<div class=\"elementor-element elementor-element-a8bc221 elementor-widget elementor-widget-heading\" data-id=\"a8bc221\" data-element_type=\"widget\" data-widget_type=\"heading.default\">\n\t\t\t\t\t<h2 class=\"elementor-heading-title elementor-size-default\">Socialna omre\u017eja<\/h2>\t\t\t\t<\/div>\n\t\t\t\t\t<\/div>\n\t\t\t\t<\/div>\n\t\t<div class=\"elementor-element elementor-element-6ab01a9 e-flex e-con-boxed e-con e-parent\" data-id=\"6ab01a9\" data-element_type=\"container\">\n\t\t\t\t\t<div class=\"e-con-inner\">\n\t\t\t\t<div class=\"elementor-element elementor-element-63485c2 elementor-widget elementor-widget-text-editor\" data-id=\"63485c2\" data-element_type=\"widget\" data-widget_type=\"text-editor.default\">\n\t\t\t\t\t\t\t\t\t<p data-start=\"86\" data-end=\"310\">Poskrbim za celostno upravljanje dru\u017ebenih omre\u017eij \u2013 od vsebinske strategije in vizualne podobe do rednega objavljanja. Ustvarjam vsebino, ki pritegne pozornost, gradi zaupanje in povezuje tvojo blagovno znamko z ob\u010dinstvom.<\/p><p data-start=\"312\" data-end=\"387\" data-is-last-node=\"\" data-is-only-node=\"\">Cilj je jasen: dosleden nastop, ve\u010dja prepoznavnost in konkretni rezultati.<\/p>\t\t\t\t\t\t\t\t<\/div>\n\t\t\t\t\t<\/div>\n\t\t\t\t<\/div>\n\t\t<div class=\"elementor-element elementor-element-8955032 e-grid e-con-boxed e-con e-parent\" data-id=\"8955032\" data-element_type=\"container\">\n\t\t\t\t\t<div class=\"e-con-inner\">\n\t\t\t\t\t<\/div>\n\t\t\t\t<\/div>\n\t\t<div class=\"elementor-element elementor-element-d1bf288 e-flex e-con-boxed e-con e-parent\" data-id=\"d1bf288\" data-element_type=\"container\">\n\t\t\t\t\t<div class=\"e-con-inner\">\n\t\t\t\t<div class=\"elementor-element elementor-element-3f15f9e elementor-widget elementor-widget-heading\" data-id=\"3f15f9e\" data-element_type=\"widget\" data-widget_type=\"heading.default\">\n\t\t\t\t\t<h2 class=\"elementor-heading-title elementor-size-default\">Branding<\/h2>\t\t\t\t<\/div>\n\t\t\t\t\t<\/div>\n\t\t\t\t<\/div>\n\t\t<div class=\"elementor-element elementor-element-1d7f279 e-flex e-con-boxed e-con e-parent\" data-id=\"1d7f279\" data-element_type=\"container\">\n\t\t\t\t\t<div class=\"e-con-inner\">\n\t\t\t\t<div class=\"elementor-element elementor-element-d613dfe elementor-widget elementor-widget-text-editor\" data-id=\"d613dfe\" data-element_type=\"widget\" data-widget_type=\"text-editor.default\">\n\t\t\t\t\t\t\t\t\t<p data-start=\"106\" data-end=\"321\">Ustvarjam in nadgrajujem vizualne identitete, ki jasno predstavljajo zgodbo podjetja in lo\u010dijo od konkurence. Poskrbim za celosten izgled \u2013 od logotipa, barv in tipografije do usklajene podobe na dru\u017ebenih omre\u017ejih.<\/p><p data-start=\"323\" data-end=\"438\" data-is-last-node=\"\" data-is-only-node=\"\">Ne gre le za lep dizajn, ampak za premi\u0161ljen branding, ki deluje profesionalno, gradi zaupanje in ostane v spominu.<\/p>\t\t\t\t\t\t\t\t<\/div>\n\t\t\t\t\t<\/div>\n\t\t\t\t<\/div>\n\t\t<div class=\"elementor-element elementor-element-ae99dc3 e-grid e-con-boxed e-con e-parent\" data-id=\"ae99dc3\" data-element_type=\"container\">\n\t\t\t\t\t<div class=\"e-con-inner\">\n\t\t\t\t\t<\/div>\n\t\t\t\t<\/div>\n\t\t<div class=\"elementor-element elementor-element-707e8aa e-flex e-con-boxed e-con e-parent\" data-id=\"707e8aa\" data-element_type=\"container\">\n\t\t\t\t\t<div class=\"e-con-inner\">\n\t\t\t\t<div class=\"elementor-element elementor-element-2145190 elementor-widget elementor-widget-heading\" data-id=\"2145190\" data-element_type=\"widget\" data-widget_type=\"heading.default\">\n\t\t\t\t\t<h2 class=\"elementor-heading-title elementor-size-default\">Proces dela<\/h2>\t\t\t\t<\/div>\n\t\t\t\t\t<\/div>\n\t\t\t\t<\/div>\n\t\t<div class=\"elementor-element elementor-element-1ab3c59 e-flex e-con-boxed e-con e-parent\" data-id=\"1ab3c59\" data-element_type=\"container\">\n\t\t\t\t\t<div class=\"e-con-inner\">\n\t\t\t\t<div class=\"elementor-element elementor-element-c8df92f elementor-widget elementor-widget-image\" data-id=\"c8df92f\" data-element_type=\"widget\" data-widget_type=\"image.default\">\n\t\t\t\t\t\t\t\t\t\t\t\t\t\t\t<img fetchpriority=\"high\" decoding=\"async\" width=\"1768\" height=\"451\" src=\"https:\/\/www.creativabytea.si\/wp-content\/uploads\/2026\/05\/ChatGPT-Image-6.-maj-2026-14_45_57.png\" class=\"attachment-full size-full wp-image-198\" alt=\"proces dela\" srcset=\"https:\/\/www.creativabytea.si\/wp-content\/uploads\/2026\/05\/ChatGPT-Image-6.-maj-2026-14_45_57.png 1768w, https:\/\/www.creativabytea.si\/wp-content\/uploads\/2026\/05\/ChatGPT-Image-6.-maj-2026-14_45_57-300x77.png 300w, https:\/\/www.creativabytea.si\/wp-content\/uploads\/2026\/05\/ChatGPT-Image-6.-maj-2026-14_45_57-1024x261.png 1024w, https:\/\/www.creativabytea.si\/wp-content\/uploads\/2026\/05\/ChatGPT-Image-6.-maj-2026-14_45_57-768x196.png 768w, https:\/\/www.creativabytea.si\/wp-content\/uploads\/2026\/05\/ChatGPT-Image-6.-maj-2026-14_45_57-1536x392.png 1536w, https:\/\/www.creativabytea.si\/wp-content\/uploads\/2026\/05\/ChatGPT-Image-6.-maj-2026-14_45_57-1140x291.png 1140w, https:\/\/www.creativabytea.si\/wp-content\/uploads\/2026\/05\/ChatGPT-Image-6.-maj-2026-14_45_57-1320x337.png 1320w, https:\/\/www.creativabytea.si\/wp-content\/uploads\/2026\/05\/ChatGPT-Image-6.-maj-2026-14_45_57-600x153.png 600w\" sizes=\"(max-width: 1768px) 100vw, 1768px\" \/>\t\t\t\t\t\t\t\t\t\t\t\t\t\t\t<\/div>\n\t\t\t\t\t<\/div>\n\t\t\t\t<\/div>\n\t\t<div class=\"elementor-element elementor-element-faddb83 e-flex e-con-boxed e-con e-parent\" data-id=\"faddb83\" data-element_type=\"container\">\n\t\t\t\t\t<div class=\"e-con-inner\">\n\t\t\t\t<div class=\"elementor-element elementor-element-d032e79 elementor-widget elementor-widget-heading\" data-id=\"d032e79\" data-element_type=\"widget\" data-widget_type=\"heading.default\">\n\t\t\t\t\t<h2 class=\"elementor-heading-title elementor-size-default\">Imid\u017e.si<\/h2>\t\t\t\t<\/div>\n\t\t\t\t\t<\/div>\n\t\t\t\t<\/div>\n\t\t<div class=\"elementor-element elementor-element-e181e46 e-flex e-con-boxed e-con e-parent\" data-id=\"e181e46\" data-element_type=\"container\">\n\t\t\t\t\t<div class=\"e-con-inner\">\n\t\t\t\t<div class=\"elementor-element elementor-element-37d1b76 elementor-widget elementor-widget-text-editor\" data-id=\"37d1b76\" data-element_type=\"widget\" data-widget_type=\"text-editor.default\">\n\t\t\t\t\t\t\t\t\t<p data-start=\"0\" data-end=\"325\">Ker je moja strast prepoznavanje potencialov in ustvarjanje edinstvenih re\u0161itev, pristopam k vsakemu projektu zavestno, poglobljeno in s poudarkom na detajlih. Zdru\u017eujem kreativno razmi\u0161ljanje, sodoben branding in inovativne vizualne pristope, da podjetjem pomagam oblikovati jasno, prepoznavno in konsistentno identiteto.<\/p><p data-start=\"327\" data-end=\"578\">Z iskrenim namenom poslu\u0161am va\u0161e \u017eelje in jih pretvorim v vizualno zgodbo, ki deluje \u2013 od prve ideje do aktivne spletne prisotnosti.<\/p><p data-start=\"580\" data-end=\"947\" data-is-last-node=\"\" data-is-only-node=\"\">Podjetjem pomagam ustvariti profesionalen in prepoznaven nastop \u2013 skozi branding, upravljanje dru\u017ebenih omre\u017eij in ustvarjanje vsebin, vklju\u010dno z UGC videi, ki pribli\u017eajo blagovno znamko ljudem na avtenti\u010den na\u010din. Vedno sem v neposrednem stiku s strankami, kar omogo\u010da oseben pristop, hitro komunikacijo in vsebino, ki je res prilagojena njihovemu zna\u010daju in ciljem.<\/p>\t\t\t\t\t\t\t\t<\/div>\n\t\t\t\t\t<\/div>\n\t\t\t\t<\/div>\n\t\t<div class=\"elementor-element elementor-element-e2d59fd e-flex e-con-boxed e-con e-parent\" data-id=\"e2d59fd\" data-element_type=\"container\">\n\t\t\t\t\t<div class=\"e-con-inner\">\n\t\t\t\t<div class=\"elementor-element elementor-element-45525d5 elementor-widget elementor-widget-heading\" data-id=\"45525d5\" data-element_type=\"widget\" data-widget_type=\"heading.default\">\n\t\t\t\t\t<h2 class=\"elementor-heading-title elementor-size-default\">Kontakt<\/h2>\t\t\t\t<\/div>\n\t\t\t\t\t<\/div>\n\t\t\t\t<\/div>\n\t\t<div class=\"elementor-element elementor-element-2574165 e-flex e-con-boxed e-con e-parent\" data-id=\"2574165\" data-element_type=\"container\">\n\t\t\t\t\t<div class=\"e-con-inner\">\n\t\t\t\t<div class=\"elementor-element elementor-element-5f526df elementor-widget elementor-widget-image\" data-id=\"5f526df\" data-element_type=\"widget\" data-widget_type=\"image.default\">\n\t\t\t\t\t\t\t\t\t\t\t\t\t\t\t<img decoding=\"async\" width=\"2560\" height=\"934\" src=\"https:\/\/www.creativabytea.si\/wp-content\/uploads\/2026\/05\/E-NOVICE-scaled.png\" class=\"attachment-full size-full wp-image-179\" alt=\"kontakt\" srcset=\"https:\/\/www.creativabytea.si\/wp-content\/uploads\/2026\/05\/E-NOVICE-scaled.png 2560w, https:\/\/www.creativabytea.si\/wp-content\/uploads\/2026\/05\/E-NOVICE-300x109.png 300w, https:\/\/www.creativabytea.si\/wp-content\/uploads\/2026\/05\/E-NOVICE-1024x374.png 1024w, https:\/\/www.creativabytea.si\/wp-content\/uploads\/2026\/05\/E-NOVICE-768x280.png 768w, https:\/\/www.creativabytea.si\/wp-content\/uploads\/2026\/05\/E-NOVICE-1536x560.png 1536w, https:\/\/www.creativabytea.si\/wp-content\/uploads\/2026\/05\/E-NOVICE-2048x747.png 2048w, https:\/\/www.creativabytea.si\/wp-content\/uploads\/2026\/05\/E-NOVICE-1140x416.png 1140w, https:\/\/www.creativabytea.si\/wp-content\/uploads\/2026\/05\/E-NOVICE-1320x482.png 1320w, https:\/\/www.creativabytea.si\/wp-content\/uploads\/2026\/05\/E-NOVICE-600x219.png 600w\" sizes=\"(max-width: 2560px) 100vw, 2560px\" \/>\t\t\t\t\t\t\t\t\t\t\t\t\t\t\t<\/div>\n\t\t\t\t\t<\/div>\n\t\t\t\t<\/div>\n\t\t<div class=\"elementor-element elementor-element-47a72a1 e-flex e-con-boxed e-con e-parent\" data-id=\"47a72a1\" data-element_type=\"container\">\n\t\t\t\t\t<div class=\"e-con-inner\">\n\t\t\t\t<div class=\"elementor-element elementor-element-fcc186c elementor-align-center elementor-widget elementor-widget-button\" data-id=\"fcc186c\" data-element_type=\"widget\" data-widget_type=\"button.default\">\n\t\t\t\t\t\t\t\t\t\t<a class=\"elementor-button elementor-button-link elementor-size-sm\" href=\"http:\/\/www.imid\u017e.si\/kontakt\">\n\t\t\t\t\t\t<span class=\"elementor-button-content-wrapper\">\n\t\t\t\t\t\t\t\t\t<span class=\"elementor-button-text\">Pridobi ponudbo<\/span>\n\t\t\t\t\t<\/span>\n\t\t\t\t\t<\/a>\n\t\t\t\t\t\t\t\t<\/div>\n\t\t\t\t\t<\/div>\n\t\t\t\t<\/div>\n\t\t\t\t<\/div>\n\t\t","protected":false},"excerpt":{"rendered":"<p>&#8221;Podjetjem pomagam ustvariti profesionalen in prepoznaven nastop \u2013 od prve ideje, do aktivne spletne prisotnosti.&#8221; Pridobi ponudbo Socialna omre\u017eja Poskrbim za celostno upravljanje dru\u017ebenih omre\u017eij \u2013 od vsebinske strategije in vizualne podobe do rednega objavljanja. Ustvarjam vsebino, ki pritegne pozornost, gradi zaupanje in povezuje tvojo blagovno znamko z ob\u010dinstvom. Cilj je jasen: dosleden nastop, ve\u010dja [&hellip;]<\/p>\n","protected":false},"author":1,"featured_media":0,"parent":0,"menu_order":0,"comment_status":"closed","ping_status":"closed","template":"","meta":{"footnotes":""},"class_list":["post-2","page","type-page","status-publish","hentry"],"jetpack_sharing_enabled":true,"_links":{"self":[{"href":"https:\/\/www.creativabytea.si\/index.php?rest_route=\/wp\/v2\/pages\/2","targetHints":{"allow":["GET"]}}],"collection":[{"href":"https:\/\/www.creativabytea.si\/index.php?rest_route=\/wp\/v2\/pages"}],"about":[{"href":"https:\/\/www.creativabytea.si\/index.php?rest_route=\/wp\/v2\/types\/page"}],"author":[{"embeddable":true,"href":"https:\/\/www.creativabytea.si\/index.php?rest_route=\/wp\/v2\/users\/1"}],"replies":[{"embeddable":true,"href":"https:\/\/www.creativabytea.si\/index.php?rest_route=%2Fwp%2Fv2%2Fcomments&post=2"}],"version-history":[{"count":67,"href":"https:\/\/www.creativabytea.si\/index.php?rest_route=\/wp\/v2\/pages\/2\/revisions"}],"predecessor-version":[{"id":223,"href":"https:\/\/www.creativabytea.si\/index.php?rest_route=\/wp\/v2\/pages\/2\/revisions\/223"}],"wp:attachment":[{"href":"https:\/\/www.creativabytea.si\/index.php?rest_route=%2Fwp%2Fv2%2Fmedia&parent=2"}],"curies":[{"name":"wp","href":"https:\/\/api.w.org\/{rel}","templated":true}]}}